{"id":765,"date":"2021-06-09T20:52:00","date_gmt":"2021-06-09T20:52:00","guid":{"rendered":"https:\/\/diouani-welding.com\/?page_id=765"},"modified":"2021-10-12T13:48:35","modified_gmt":"2021-10-12T13:48:35","slug":"equipements-de-protection-individuelle","status":"publish","type":"page","link":"https:\/\/dw.emadsaeed.com\/index.php\/equipements-de-protection-individuelle\/","title":{"rendered":"EQUIPEMENTS DE PROTECTION INDIVIDUELLE\u200b"},"content":{"rendered":"\t\t<div data-elementor-type=\"wp-page\" data-elementor-id=\"765\" class=\"elementor elementor-765\">\n\t\t\t\t\t\t<section class=\"elementor-section elementor-top-section elementor-element elementor-element-f4dd4bc elementor-section-boxed elementor-section-height-default elementor-section-height-default\" data-id=\"f4dd4bc\" data-element_type=\"section\" data-e-type=\"section\">\n\t\t\t\t\t\t<div class=\"elementor-container elementor-column-gap-default\">\n\t\t\t\t\t<div class=\"elementor-column elementor-col-50 elementor-top-column elementor-element elementor-element-3d68bf1\" data-id=\"3d68bf1\" data-element_type=\"column\" data-e-type=\"column\">\n\t\t\t<div class=\"elementor-widget-wrap elementor-element-populated\">\n\t\t\t\t\t\t<div class=\"elementor-element elementor-element-dde3326 elementor-widget elementor-widget-heading\" data-id=\"dde3326\" data-element_type=\"widget\" data-e-type=\"widget\" data-widget_type=\"heading.default\">\n\t\t\t\t<div class=\"elementor-widget-container\">\n\t\t\t\t\t<h2 class=\"elementor-heading-title elementor-size-large\">Equipements de protection individuelle<\/h2>\t\t\t\t<\/div>\n\t\t\t\t<\/div>\n\t\t\t\t<div class=\"elementor-element elementor-element-16192d8 elementor-align-left elementor-tablet-align-center elementor-mobile-align-center elementor-widget elementor-widget-button\" data-id=\"16192d8\" data-element_type=\"widget\" data-e-type=\"widget\" data-widget_type=\"button.default\">\n\t\t\t\t<div class=\"elementor-widget-container\">\n\t\t\t\t\t\t\t\t\t<div class=\"elementor-button-wrapper\">\n\t\t\t\t\t<a class=\"elementor-button elementor-button-link elementor-size-xs\" href=\"https:\/\/dw.emadsaeed.com\/index.php\/nous-contacter-2\/\">\n\t\t\t\t\t\t<span class=\"elementor-button-content-wrapper\">\n\t\t\t\t\t\t<span class=\"elementor-button-icon\">\n\t\t\t\t<i aria-hidden=\"true\" class=\"fas fa-caret-right\"><\/i>\t\t\t<\/span>\n\t\t\t\t\t\t\t\t\t<span class=\"elementor-button-text\">Nous contacter<\/span>\n\t\t\t\t\t<\/span>\n\t\t\t\t\t<\/a>\n\t\t\t\t<\/div>\n\t\t\t\t\t\t\t\t<\/div>\n\t\t\t\t<\/div>\n\t\t\t\t\t<\/div>\n\t\t<\/div>\n\t\t\t\t<div class=\"elementor-column elementor-col-50 elementor-top-column elementor-element elementor-element-83c5557\" data-id=\"83c5557\" data-element_type=\"column\" data-e-type=\"column\">\n\t\t\t<div class=\"elementor-widget-wrap elementor-element-populated\">\n\t\t\t\t\t\t<div class=\"elementor-element elementor-element-ac14cc8 elementor-widget elementor-widget-image\" data-id=\"ac14cc8\" data-element_type=\"widget\" data-e-type=\"widget\" data-widget_type=\"image.default\">\n\t\t\t\t<div class=\"elementor-widget-container\">\n\t\t\t\t\t\t\t\t\t\t\t\t\t\t\t<img fetchpriority=\"high\" decoding=\"async\" width=\"512\" height=\"384\" src=\"https:\/\/dw.emadsaeed.com\/wp-content\/uploads\/2021\/06\/03.jpg\" class=\"attachment-full size-full wp-image-783\" alt=\"\" srcset=\"https:\/\/dw.emadsaeed.com\/wp-content\/uploads\/2021\/06\/03.jpg 512w, https:\/\/dw.emadsaeed.com\/wp-content\/uploads\/2021\/06\/03-300x225.jpg 300w\" sizes=\"(max-width: 512px) 100vw, 512px\" \/>\t\t\t\t\t\t\t\t\t\t\t\t\t\t\t<\/div>\n\t\t\t\t<\/div>\n\t\t\t\t\t<\/div>\n\t\t<\/div>\n\t\t\t\t\t<\/div>\n\t\t<\/section>\n\t\t\t\t<section class=\"elementor-section elementor-top-section elementor-element elementor-element-16bdcf8 elementor-section-boxed elementor-section-height-default elementor-section-height-default\" data-id=\"16bdcf8\" data-element_type=\"section\" data-e-type=\"section\">\n\t\t\t\t\t\t<div class=\"elementor-container elementor-column-gap-default\">\n\t\t\t\t\t<div class=\"elementor-column elementor-col-100 elementor-top-column elementor-element elementor-element-c2e5806\" data-id=\"c2e5806\" data-element_type=\"column\" data-e-type=\"column\">\n\t\t\t<div class=\"elementor-widget-wrap elementor-element-populated\">\n\t\t\t\t\t\t<section class=\"elementor-section elementor-inner-section elementor-element elementor-element-a8dfdb0 elementor-section-full_width elementor-section-height-default elementor-section-height-default\" data-id=\"a8dfdb0\" data-element_type=\"section\" data-e-type=\"section\">\n\t\t\t\t\t\t<div class=\"elementor-container elementor-column-gap-wide\">\n\t\t\t\t\t<div class=\"elementor-column elementor-col-33 elementor-inner-column elementor-element elementor-element-db2861b\" data-id=\"db2861b\" data-element_type=\"column\" data-e-type=\"column\" data-settings=\"{&quot;background_background&quot;:&quot;classic&quot;}\">\n\t\t\t<div class=\"elementor-widget-wrap elementor-element-populated\">\n\t\t\t\t\t\t<div class=\"elementor-element elementor-element-b6e2eca elementor-widget elementor-widget-image\" data-id=\"b6e2eca\" data-element_type=\"widget\" data-e-type=\"widget\" data-widget_type=\"image.default\">\n\t\t\t\t<div class=\"elementor-widget-container\">\n\t\t\t\t\t\t\t\t\t\t\t\t\t\t\t<img decoding=\"async\" width=\"500\" height=\"353\" src=\"https:\/\/dw.emadsaeed.com\/wp-content\/uploads\/2021\/05\/07.jpg\" class=\"attachment-full size-full wp-image-457\" alt=\"\" srcset=\"https:\/\/dw.emadsaeed.com\/wp-content\/uploads\/2021\/05\/07.jpg 500w, https:\/\/dw.emadsaeed.com\/wp-content\/uploads\/2021\/05\/07-300x212.jpg 300w\" sizes=\"(max-width: 500px) 100vw, 500px\" \/>\t\t\t\t\t\t\t\t\t\t\t\t\t\t\t<\/div>\n\t\t\t\t<\/div>\n\t\t\t\t<div class=\"elementor-element elementor-element-bb6e928 elementor-widget elementor-widget-heading\" data-id=\"bb6e928\" data-element_type=\"widget\" data-e-type=\"widget\" data-widget_type=\"heading.default\">\n\t\t\t\t<div class=\"elementor-widget-container\">\n\t\t\t\t\t<h2 class=\"elementor-heading-title elementor-size-default\">CASQUES ET PROTECTION ANTI-BRUIT<\/h2>\t\t\t\t<\/div>\n\t\t\t\t<\/div>\n\t\t\t\t<div class=\"elementor-element elementor-element-5735495 elementor-widget elementor-widget-text-editor\" data-id=\"5735495\" data-element_type=\"widget\" data-e-type=\"widget\" data-widget_type=\"text-editor.default\">\n\t\t\t\t<div class=\"elementor-widget-container\">\n\t\t\t\t\t\t\t\t\t<ul><li>Casques de s\u00e9curit\u00e9 5RCLIMAX<\/li><li>Casques de s\u00e9curit\u00e9 TXR CLIMAX<\/li><li>Casques anti-bruit<\/li><li>Bouchons d\u2019oreille r\u00e9utilisable<\/li><\/ul>\t\t\t\t\t\t\t\t<\/div>\n\t\t\t\t<\/div>\n\t\t\t\t\t<\/div>\n\t\t<\/div>\n\t\t\t\t<div class=\"elementor-column elementor-col-33 elementor-inner-column elementor-element elementor-element-e626ffe\" data-id=\"e626ffe\" data-element_type=\"column\" data-e-type=\"column\" data-settings=\"{&quot;background_background&quot;:&quot;classic&quot;}\">\n\t\t\t<div class=\"elementor-widget-wrap elementor-element-populated\">\n\t\t\t\t\t\t<div class=\"elementor-element elementor-element-5fad7d4 elementor-widget elementor-widget-image\" data-id=\"5fad7d4\" data-element_type=\"widget\" data-e-type=\"widget\" data-widget_type=\"image.default\">\n\t\t\t\t<div class=\"elementor-widget-container\">\n\t\t\t\t\t\t\t\t\t\t\t\t\t\t\t<img decoding=\"async\" width=\"500\" height=\"353\" src=\"https:\/\/dw.emadsaeed.com\/wp-content\/uploads\/2021\/05\/08.jpg\" class=\"attachment-full size-full wp-image-458\" alt=\"\" srcset=\"https:\/\/dw.emadsaeed.com\/wp-content\/uploads\/2021\/05\/08.jpg 500w, https:\/\/dw.emadsaeed.com\/wp-content\/uploads\/2021\/05\/08-300x212.jpg 300w\" sizes=\"(max-width: 500px) 100vw, 500px\" \/>\t\t\t\t\t\t\t\t\t\t\t\t\t\t\t<\/div>\n\t\t\t\t<\/div>\n\t\t\t\t<div class=\"elementor-element elementor-element-852d8cc elementor-widget elementor-widget-heading\" data-id=\"852d8cc\" data-element_type=\"widget\" data-e-type=\"widget\" data-widget_type=\"heading.default\">\n\t\t\t\t<div class=\"elementor-widget-container\">\n\t\t\t\t\t<h2 class=\"elementor-heading-title elementor-size-default\">Lunette de protection<\/h2>\t\t\t\t<\/div>\n\t\t\t\t<\/div>\n\t\t\t\t<div class=\"elementor-element elementor-element-833ccf4 elementor-widget elementor-widget-text-editor\" data-id=\"833ccf4\" data-element_type=\"widget\" data-e-type=\"widget\" data-widget_type=\"text-editor.default\">\n\t\t\t\t<div class=\"elementor-widget-container\">\n\t\t\t\t\t\t\t\t\t<ul><li>Surlunettes de protection<\/li><li>Surlunettes soudeur relevables<\/li><li>Lunettes masque de protection<\/li><li>Lunettes de protection r\u00e9glables incolores<\/li><li>Lunettes de protection r\u00e9glables teint\u00e9es<\/li><\/ul>\t\t\t\t\t\t\t\t<\/div>\n\t\t\t\t<\/div>\n\t\t\t\t\t<\/div>\n\t\t<\/div>\n\t\t\t\t<div class=\"elementor-column elementor-col-33 elementor-inner-column elementor-element elementor-element-9cfb848\" data-id=\"9cfb848\" data-element_type=\"column\" data-e-type=\"column\" data-settings=\"{&quot;background_background&quot;:&quot;classic&quot;}\">\n\t\t\t<div class=\"elementor-widget-wrap elementor-element-populated\">\n\t\t\t\t\t\t<div class=\"elementor-element elementor-element-3723a70 elementor-widget elementor-widget-image\" data-id=\"3723a70\" data-element_type=\"widget\" data-e-type=\"widget\" data-widget_type=\"image.default\">\n\t\t\t\t<div class=\"elementor-widget-container\">\n\t\t\t\t\t\t\t\t\t\t\t\t\t\t\t<img loading=\"lazy\" decoding=\"async\" width=\"500\" height=\"353\" src=\"https:\/\/dw.emadsaeed.com\/wp-content\/uploads\/2021\/05\/09.jpg\" class=\"attachment-full size-full wp-image-459\" alt=\"\" srcset=\"https:\/\/dw.emadsaeed.com\/wp-content\/uploads\/2021\/05\/09.jpg 500w, https:\/\/dw.emadsaeed.com\/wp-content\/uploads\/2021\/05\/09-300x212.jpg 300w\" sizes=\"(max-width: 500px) 100vw, 500px\" \/>\t\t\t\t\t\t\t\t\t\t\t\t\t\t\t<\/div>\n\t\t\t\t<\/div>\n\t\t\t\t<div class=\"elementor-element elementor-element-e22f0c1 elementor-widget elementor-widget-heading\" data-id=\"e22f0c1\" data-element_type=\"widget\" data-e-type=\"widget\" data-widget_type=\"heading.default\">\n\t\t\t\t<div class=\"elementor-widget-container\">\n\t\t\t\t\t<h2 class=\"elementor-heading-title elementor-size-default\">MASQUES DE PROTECTION RESPIRATOIRE<\/h2>\t\t\t\t<\/div>\n\t\t\t\t<\/div>\n\t\t\t\t<div class=\"elementor-element elementor-element-29d5b47 elementor-widget elementor-widget-text-editor\" data-id=\"29d5b47\" data-element_type=\"widget\" data-e-type=\"widget\" data-widget_type=\"text-editor.default\">\n\t\t\t\t<div class=\"elementor-widget-container\">\n\t\t\t\t\t\t\t\t\t<ul><li>Masques FFP1S \u00e0 valve en papier pliable<\/li><li>Masques FFP2S en papier<\/li><li>Masques FFP3S \u00e0 valve en papier<\/li><li>Masques d\u2019hygi\u00e8ne BT50<\/li><li>Demi masques simple \/CLIMAX<\/li><li>Demi masques double \/CLIMAX<\/li><li>Masques panoramiques complets CLIMAX<\/li><li>Filtres pour demi masque<\/li><li>Filtres universels pour masques complets<\/li><\/ul>\t\t\t\t\t\t\t\t<\/div>\n\t\t\t\t<\/div>\n\t\t\t\t\t<\/div>\n\t\t<\/div>\n\t\t\t\t\t<\/div>\n\t\t<\/section>\n\t\t\t\t<section class=\"elementor-section elementor-inner-section elementor-element elementor-element-7fd34b6 elementor-section-full_width elementor-section-height-default elementor-section-height-default\" data-id=\"7fd34b6\" data-element_type=\"section\" data-e-type=\"section\">\n\t\t\t\t\t\t<div class=\"elementor-container elementor-column-gap-wide\">\n\t\t\t\t\t<div class=\"elementor-column elementor-col-33 elementor-inner-column elementor-element elementor-element-fe0a3f8\" data-id=\"fe0a3f8\" data-element_type=\"column\" data-e-type=\"column\" data-settings=\"{&quot;background_background&quot;:&quot;classic&quot;}\">\n\t\t\t<div class=\"elementor-widget-wrap elementor-element-populated\">\n\t\t\t\t\t\t<div class=\"elementor-element elementor-element-8e91e9c elementor-widget elementor-widget-image\" data-id=\"8e91e9c\" data-element_type=\"widget\" data-e-type=\"widget\" data-widget_type=\"image.default\">\n\t\t\t\t<div class=\"elementor-widget-container\">\n\t\t\t\t\t\t\t\t\t\t\t\t\t\t\t<img loading=\"lazy\" decoding=\"async\" width=\"500\" height=\"353\" src=\"https:\/\/dw.emadsaeed.com\/wp-content\/uploads\/2021\/05\/010.jpg\" class=\"attachment-full size-full wp-image-489\" alt=\"\" srcset=\"https:\/\/dw.emadsaeed.com\/wp-content\/uploads\/2021\/05\/010.jpg 500w, https:\/\/dw.emadsaeed.com\/wp-content\/uploads\/2021\/05\/010-300x212.jpg 300w\" sizes=\"(max-width: 500px) 100vw, 500px\" \/>\t\t\t\t\t\t\t\t\t\t\t\t\t\t\t<\/div>\n\t\t\t\t<\/div>\n\t\t\t\t<div class=\"elementor-element elementor-element-d0fb8a3 elementor-widget elementor-widget-heading\" data-id=\"d0fb8a3\" data-element_type=\"widget\" data-e-type=\"widget\" data-widget_type=\"heading.default\">\n\t\t\t\t<div class=\"elementor-widget-container\">\n\t\t\t\t\t<h2 class=\"elementor-heading-title elementor-size-default\">Soudure<\/h2>\t\t\t\t<\/div>\n\t\t\t\t<\/div>\n\t\t\t\t<div class=\"elementor-element elementor-element-e1d0287 elementor-widget elementor-widget-text-editor\" data-id=\"e1d0287\" data-element_type=\"widget\" data-e-type=\"widget\" data-widget_type=\"text-editor.default\">\n\t\t\t\t<div class=\"elementor-widget-container\">\n\t\t\t\t\t\t\t\t\t<ul><li>Masques de soudeur relevables<\/li><li>Masques de soudeur \u00e0 main<\/li><li>Masques \u00e9lectroniques CLIMAX<\/li><li>Verres pour masques de soudeur teint\u00e9s<\/li><li>Verres pour masques de soudeur incolores<\/li><li>Tabliers de soudeur<\/li><li>Manches de soudage<\/li><li>Gu\u00eatres de soudage<\/li><\/ul>\t\t\t\t\t\t\t\t<\/div>\n\t\t\t\t<\/div>\n\t\t\t\t\t<\/div>\n\t\t<\/div>\n\t\t\t\t<div class=\"elementor-column elementor-col-33 elementor-inner-column elementor-element elementor-element-308ed12\" data-id=\"308ed12\" data-element_type=\"column\" data-e-type=\"column\" data-settings=\"{&quot;background_background&quot;:&quot;classic&quot;}\">\n\t\t\t<div class=\"elementor-widget-wrap elementor-element-populated\">\n\t\t\t\t\t\t<div class=\"elementor-element elementor-element-33d59da elementor-widget elementor-widget-image\" data-id=\"33d59da\" data-element_type=\"widget\" data-e-type=\"widget\" data-widget_type=\"image.default\">\n\t\t\t\t<div class=\"elementor-widget-container\">\n\t\t\t\t\t\t\t\t\t\t\t\t\t\t\t<img loading=\"lazy\" decoding=\"async\" width=\"500\" height=\"353\" src=\"https:\/\/dw.emadsaeed.com\/wp-content\/uploads\/2021\/05\/011.jpg\" class=\"attachment-full size-full wp-image-490\" alt=\"\" srcset=\"https:\/\/dw.emadsaeed.com\/wp-content\/uploads\/2021\/05\/011.jpg 500w, https:\/\/dw.emadsaeed.com\/wp-content\/uploads\/2021\/05\/011-300x212.jpg 300w\" sizes=\"(max-width: 500px) 100vw, 500px\" \/>\t\t\t\t\t\t\t\t\t\t\t\t\t\t\t<\/div>\n\t\t\t\t<\/div>\n\t\t\t\t<div class=\"elementor-element elementor-element-7c87785 elementor-widget elementor-widget-heading\" data-id=\"7c87785\" data-element_type=\"widget\" data-e-type=\"widget\" data-widget_type=\"heading.default\">\n\t\t\t\t<div class=\"elementor-widget-container\">\n\t\t\t\t\t<h2 class=\"elementor-heading-title elementor-size-default\">Protection des mains<\/h2>\t\t\t\t<\/div>\n\t\t\t\t<\/div>\n\t\t\t\t<div class=\"elementor-element elementor-element-7227b48 elementor-widget elementor-widget-text-editor\" data-id=\"7227b48\" data-element_type=\"widget\" data-e-type=\"widget\" data-widget_type=\"text-editor.default\">\n\t\t\t\t<div class=\"elementor-widget-container\">\n\t\t\t\t\t\t\t\t\t<ul><li>Gants de manutention renforc\u00e9s<\/li><li>Gants anti\u2010chaleur renforc\u00e9s<\/li><li>Gants picot coton<\/li><li>Gants cuir souples<\/li><li>Gants nitrile dos a\u00e9r\u00e9<\/li><li>Gants PVC rouges<\/li><li>Gants soudeur ML\u2010MC<\/li><li>Gants cuir dos a\u00e9r\u00e9<\/li><li>Gants cuir manches courtes<\/li><\/ul>\t\t\t\t\t\t\t\t<\/div>\n\t\t\t\t<\/div>\n\t\t\t\t\t<\/div>\n\t\t<\/div>\n\t\t\t\t<div class=\"elementor-column elementor-col-33 elementor-inner-column elementor-element elementor-element-cd2409d\" data-id=\"cd2409d\" data-element_type=\"column\" data-e-type=\"column\" data-settings=\"{&quot;background_background&quot;:&quot;classic&quot;}\">\n\t\t\t<div class=\"elementor-widget-wrap elementor-element-populated\">\n\t\t\t\t\t\t<div class=\"elementor-element elementor-element-2087cde elementor-widget elementor-widget-image\" data-id=\"2087cde\" data-element_type=\"widget\" data-e-type=\"widget\" data-widget_type=\"image.default\">\n\t\t\t\t<div class=\"elementor-widget-container\">\n\t\t\t\t\t\t\t\t\t\t\t\t\t\t\t<img decoding=\"async\" width=\"500\" height=\"353\" src=\"https:\/\/dw.emadsaeed.com\/wp-content\/uploads\/2021\/05\/08.jpg\" class=\"attachment-full size-full wp-image-458\" alt=\"\" srcset=\"https:\/\/dw.emadsaeed.com\/wp-content\/uploads\/2021\/05\/08.jpg 500w, https:\/\/dw.emadsaeed.com\/wp-content\/uploads\/2021\/05\/08-300x212.jpg 300w\" sizes=\"(max-width: 500px) 100vw, 500px\" \/>\t\t\t\t\t\t\t\t\t\t\t\t\t\t\t<\/div>\n\t\t\t\t<\/div>\n\t\t\t\t<div class=\"elementor-element elementor-element-25e4268 elementor-widget elementor-widget-heading\" data-id=\"25e4268\" data-element_type=\"widget\" data-e-type=\"widget\" data-widget_type=\"heading.default\">\n\t\t\t\t<div class=\"elementor-widget-container\">\n\t\t\t\t\t<h2 class=\"elementor-heading-title elementor-size-default\">TENUES DE TRAVAIL<\/h2>\t\t\t\t<\/div>\n\t\t\t\t<\/div>\n\t\t\t\t<div class=\"elementor-element elementor-element-faa4e78 elementor-widget elementor-widget-text-editor\" data-id=\"faa4e78\" data-element_type=\"widget\" data-e-type=\"widget\" data-widget_type=\"text-editor.default\">\n\t\t\t\t<div class=\"elementor-widget-container\">\n\t\t\t\t\t\t\t\t\t<ul><li>Tissu 100% coton \u00e0 270 g. Couleur bleu\u00e2tre.<br \/><br \/><\/li><li>Taille 38-62<br \/><br \/><\/li><li>EN 340 &#8211; 100% coton<\/li><\/ul>\t\t\t\t\t\t\t\t<\/div>\n\t\t\t\t<\/div>\n\t\t\t\t\t<\/div>\n\t\t<\/div>\n\t\t\t\t\t<\/div>\n\t\t<\/section>\n\t\t\t\t\t<\/div>\n\t\t<\/div>\n\t\t\t\t\t<\/div>\n\t\t<\/section>\n\t\t\t\t<\/div>\n\t\t","protected":false},"excerpt":{"rendered":"<p>Equipements de protection individuelle Nous contacter CASQUES ET PROTECTION ANTI-BRUIT Casques de s\u00e9curit\u00e9 5RCLIMAX Casques de s\u00e9curit\u00e9 TXR CLIMAX Casques anti-bruit Bouchons d\u2019oreille r\u00e9utilisable Lunette de protection Surlunettes de protection Surlunettes soudeur relevables Lunettes masque de protection Lunettes de protection r\u00e9glables incolores Lunettes de protection r\u00e9glables teint\u00e9es MASQUES DE PROTECTION RESPIRATOIRE Masques FFP1S \u00e0 valve [&hellip;]<\/p>\n","protected":false},"author":1,"featured_media":0,"parent":0,"menu_order":0,"comment_status":"closed","ping_status":"closed","template":"elementor_header_footer","meta":{"_mi_skip_tracking":false,"footnotes":""},"class_list":["post-765","page","type-page","status-publish","hentry"],"_links":{"self":[{"href":"https:\/\/dw.emadsaeed.com\/index.php\/wp-json\/wp\/v2\/pages\/765","targetHints":{"allow":["GET"]}}],"collection":[{"href":"https:\/\/dw.emadsaeed.com\/index.php\/wp-json\/wp\/v2\/pages"}],"about":[{"href":"https:\/\/dw.emadsaeed.com\/index.php\/wp-json\/wp\/v2\/types\/page"}],"author":[{"embeddable":true,"href":"https:\/\/dw.emadsaeed.com\/index.php\/wp-json\/wp\/v2\/users\/1"}],"replies":[{"embeddable":true,"href":"https:\/\/dw.emadsaeed.com\/index.php\/wp-json\/wp\/v2\/comments?post=765"}],"version-history":[{"count":12,"href":"https:\/\/dw.emadsaeed.com\/index.php\/wp-json\/wp\/v2\/pages\/765\/revisions"}],"predecessor-version":[{"id":1328,"href":"https:\/\/dw.emadsaeed.com\/index.php\/wp-json\/wp\/v2\/pages\/765\/revisions\/1328"}],"wp:attachment":[{"href":"https:\/\/dw.emadsaeed.com\/index.php\/wp-json\/wp\/v2\/media?parent=765"}],"curies":[{"name":"wp","href":"https:\/\/api.w.org\/{rel}","templated":true}]}}